{"id":422,"date":"2025-05-02T11:49:37","date_gmt":"2025-05-02T09:49:37","guid":{"rendered":"https:\/\/autohab.de\/?page_id=422"},"modified":"2025-05-27T19:20:14","modified_gmt":"2025-05-27T17:20:14","slug":"datenschutz","status":"publish","type":"page","link":"https:\/\/autohab.de\/en\/datenschutz\/","title":{"rendered":"Datenschutz"},"content":{"rendered":"<h3>DATENSCHUTZERKL\u00c4HRUNG<\/h3>\n<p>Wir freuen uns \u00fcber Ihren Besuch auf unserer Website und Ihr Interesse an unserem Unternehmen. Der Schutz Ihrer personenbezogenen Daten ist f\u00fcr uns ein wichtiges Anliegen und wir m\u00f6chten, dass Sie sich beim Besuch unserer Internetseiten sicher f\u00fchlen.<\/p>\n<p>Hier erl\u00e4utern wir, welche Informationen wir bei Ihrem Besuch auf unserer Website erfassen und wie diese genutzt werden.<\/p>\n<p>Unsere Kontaktdaten als verantwortliche Stelle<br \/>\nUnsere Kontaktdaten finden Sie im Impressum.<\/p>\n<h2>1. ZUGRIFFSDATEN UND HOSTING<\/h2>\n<p>Sie k\u00f6nnen unsere Webseiten besuchen, ohne Angaben zu Ihrer Person zu machen. Bei jedem Aufruf einer Webseite speichert der Webserver lediglich automatisch ein sogenanntes Server-Logfile, das z.B. den Namen der angeforderten Datei, Ihre IP-Adresse, Datum und Uhrzeit des Abrufs, \u00fcbertragene Datenmenge und den anfragenden Provider (Zugriffsdaten) enth\u00e4lt und den Abruf dokumentiert.<\/p>\n<p>Diese Zugriffsdaten werden ausschlie\u00dflich zum Zwecke der Sicherstellung eines st\u00f6rungsfreien Betriebs der Seite sowie der Verbesserung unseres Angebots ausgewertet. Dies dient gem\u00e4\u00df Art. 6 Abs. 1 S. 1 lit. f DSGVO der Wahrung unserer im Rahmen einer Interessensabw\u00e4gung \u00fcberwiegenden berechtigten Interessen an einer korrekten Darstellung unseres Angebots. Alle Zugriffsdaten werden sp\u00e4testens sieben Tage nach Ende Ihres Seitenbesuchs gel\u00f6scht.<\/p>\n<h3>HOSTINGDIENSTLEISTUNGEN DURCH EINEN DRITTANBIETER<\/h3>\n<p>Im Rahmen einer Verarbeitung in unserem Auftrag erbringt ein Drittanbieter f\u00fcr uns die Dienste zum Hosting und zur Darstellung der Webseite. Dies dient der Wahrung unserer im Rahmen einer Interessensabw\u00e4gung \u00fcberwiegenden berechtigten Interessen an einer korrekten Darstellung unseres Angebots. Alle Daten, die im Rahmen der Nutzung dieser Webseite oder in daf\u00fcr vorgesehenen Kontaktformularen auf der Webseite wie folgend beschrieben erhoben werden, werden auf seinen Servern verarbeitet. Eine Verarbeitung auf anderen Servern findet nur in dem hier erl\u00e4uterten Rahmen statt.<\/p>\n<p>Dieser Dienstleister sitzt in einem Land au\u00dferhalb der Europ\u00e4ischen Union, f\u00fcr das die Europ\u00e4ische Kommission durch Beschluss ein angemessenes Datenschutzniveau festgestellt hat.<\/p>\n<h2>2. DATENERHEBUNG UND -VERWENDUNG ZUR VERTRAGSABWICKLUNG<\/h2>\n<p>Wir erheben personenbezogene Daten, wenn Sie uns diese im Rahmen Ihrer Bestellung, bei einer Kontaktaufnahme mit uns (z.B. per Kontaktformular oder E-Mail)\u00a0freiwillig mitteilen. Pflichtfelder werden als solche gekennzeichnet, da wir in diesen F\u00e4llen die Daten zwingend zur Vertragsabwicklung, bzw. zur Bearbeitung Ihrer Kontaktaufnahme ben\u00f6tigen und Sie ohne deren Angabe die Bestellung\u00a0nicht abschlie\u00dfen, bzw. die Kontaktaufnahme nicht versenden k\u00f6nnen. Welche Daten erhoben werden, ist aus den jeweiligen Eingabeformularen ersichtlich. Wir verwenden die von ihnen mitgeteilten Daten gem\u00e4\u00df Art. 6 Abs. 1 S. 1 lit. b DSGVO zur Vertragsabwicklung und Bearbeitung Ihrer Anfragen. Nach vollst\u00e4ndiger Abwicklung des Vertrages oder L\u00f6schung Ihres Kundenkontos werden Ihre Daten f\u00fcr die weitere Verarbeitung eingeschr\u00e4nkt und nach Ablauf der steuer- und handelsrechtlichen Aufbewahrungsfristen gel\u00f6scht, sofern Sie nicht ausdr\u00fccklich in eine weitere Nutzung Ihrer Daten eingewilligt haben oder wir uns eine dar\u00fcber hinausgehende Datenverwendung vorbehalten, die gesetzlich erlaubt ist und \u00fcber die wir Sie in dieser Erkl\u00e4rung informieren. Die L\u00f6schung Ihrer\u00a0Daten ist jederzeit m\u00f6glich und kann entweder durch eine Nachricht an die unten beschriebene Kontaktm\u00f6glichkeit\u00a0erfolgen.<\/p>\n<h2>3.\u00a0DATENWEITERGABE<\/h2>\n<p>Zur Vertragserf\u00fcllung gem\u00e4\u00df Art. 6 Abs. 1 S. 1 lit. b DSGVO geben wir Ihre Daten an das mit der Lieferung beauftragte Versandunternehmen weiter, soweit dies zur Lieferung bestellter Waren erforderlich ist. Je nach dem, welchen Zahlungsdienstleister Sie im Bestellprozess ausw\u00e4hlen, geben wir zur Abwicklung von Zahlungen die hierf\u00fcr erhobenen Zahlungsdaten an das mit der Zahlung beauftragte Kreditinstitut und ggf. von uns beauftragte Zahlungsdienstleister weiter bzw. an den ausgew\u00e4hlten Zahlungsdienst. Zum Teil erheben die ausgew\u00e4hlten Zahlungsdienstleister diese Daten auch selbst, soweit Sie dort ein Konto anlegen. In diesem Fall m\u00fcssen Sie sich im Bestellprozess mit Ihren Zugangsdaten bei dem Zahlungsdienstleister anmelden. Es gilt insoweit die Datenschutzerkl\u00e4rung des jeweiligen Zahlungsdienstleisters.<\/p>\n<h2>4. COOKIES UND WEBANALYSE<\/h2>\n<p>Um den Besuch unserer Website attraktiv zu gestalten und die Nutzung bestimmter Funktionen zu erm\u00f6glichen, um passende Produkte anzuzeigen oder zur Marktforschung verwenden wir auf verschiedenen Seiten sogenannte Cookies. Dies dient der Wahrung unserer im Rahmen einer Interessensabw\u00e4gung \u00fcberwiegenden berechtigten Interessen an einer optimierten Darstellung unseres Angebots gem\u00e4\u00df Art. 6 Abs. 1 S. 1 lit. f DSGVO. Cookies sind kleine Textdateien, die automatisch auf Ihrem Endger\u00e4t gespeichert werden. Einige der von uns verwendeten Cookies werden nach Ende der Browser-Sitzung, also nach Schlie\u00dfen Ihres Browsers, wieder gel\u00f6scht (sog. Sitzungs-Cookies). Andere Cookies verbleiben auf Ihrem Endger\u00e4t und erm\u00f6glichen uns, Ihren Browser beim n\u00e4chsten Besuch wiederzuerkennen (persistente Cookies). Die Dauer der Speicherung k\u00f6nnen Sie der \u00dcbersicht in den Cookie-Einstellungen Ihres Webbrowsers entnehmen. Sie k\u00f6nnen Ihren Browser so einstellen, dass Sie \u00fcber das Setzen von Cookies informiert werden und einzeln \u00fcber deren Annahme entscheiden oder die Annahme von Cookies f\u00fcr bestimmte F\u00e4lle oder generell ausschlie\u00dfen. Jeder Browser unterscheidet sich in der Art, wie er die Cookie-Einstellungen verwaltet. Diese ist in dem Hilfemen\u00fc jedes Browsers beschrieben, welches Ihnen erl\u00e4utert, wie Sie Ihre Cookie-Einstellungen \u00e4ndern k\u00f6nnen. Diese finden Sie f\u00fcr die jeweiligen Browser unter den folgenden Links:<br \/>\nInternet Explorer\u2122: http:\/\/windows.microsoft.com\/de-DE\/windows-vista\/Block-or-allow-cookies<br \/>\nSafari\u2122: https:\/\/support.apple.com\/kb\/ph21411?locale=de_DE<br \/>\nChrome\u2122: http:\/\/support.google.com\/chrome\/bin\/answer.py?hl=de&#038;hlrm=en&#038;answer=95647<br \/>\nFirefox\u2122 https:\/\/support.mozilla.org\/de\/kb\/cookies-erlauben-und-ablehnen<br \/>\nOpera\u2122 : http:\/\/help.opera.com\/Windows\/10.20\/de\/cookies.html<\/p>\n<p>Bei der Nichtannahme von Cookies kann die Funktionalit\u00e4t unserer Website eingeschr\u00e4nkt sein.<\/p>\n<h3>EINSATZ VON GOOGLE (UNIVERSAL) ANALYTICS ZUR WEBANALYSE<\/h3>\n<p>Soweit Sie hierzu Ihre Einwilligung nach Art. 6 Abs. 1 S. 1 lit. a DSGVO erteilt haben, setzt diese Website zum Zweck der Webseitenanalyse Google (Universal) Analytics ein, einen Webanalysedienst der Google LLC (www.google.de). Google (Universal) Analytics verwendet Methoden, die eine Analyse der Benutzung der Website durch Sie erm\u00f6glichen, wie zum Beispiel Cookies. Die automatisch erhobenen Informationen \u00fcber Ihre Benutzung dieser Website werden in der Regel an einen Server von Google in den USA \u00fcbertragen und dort gespeichert. Durch die Aktivierung der IP-Anonymisierung auf dieser Webseite wird dabei die IP-Adresse vor der \u00dcbermittlung innerhalb der Mitgliedstaaten der Europ\u00e4ischen Union oder in anderen Vertragsstaaten des Abkommens \u00fcber den Europ\u00e4ischen Wirtschaftsraum gek\u00fcrzt. Nur in Ausnahmef\u00e4llen wird die volle IP-Adresse an einen Server von Google in den USA \u00fcbertragen und dort gek\u00fcrzt. Die im Rahmen von Google Analytics von Ihrem Browser \u00fcbermittelte anonymisierte IP-Adresse wird grunds\u00e4tzlich nicht mit anderen Daten von Google zusammengef\u00fchrt. Nach Zweckfortfall und Ende des Einsatzes von Google Analytics durch uns werden die in diesem Zusammenhang erhobenen Daten gel\u00f6scht.<\/p>\n<p>Die Google LLC hat ihren Hauptsitz in den USA und ist zertifiziert unter dem EU-US-Privacy Shield. Ein aktuelles Zertifikat kann hier eingesehen werden. Aufgrund dieses Abkommens zwischen den USA und der Europ\u00e4ischen Kommission hat letztere f\u00fcr unter dem Privacy Shield zertifizierte Unternehmen ein angemessenes Datenschutzniveau festgestellt.<\/p>\n<p>Sie k\u00f6nnen Ihre Einwilligung jederzeit mit Wirkung f\u00fcr die Zukunft widerrufen, indem sie das unter dem folgenden Link verf\u00fcgbare Browser-Plugin herunterladen und installieren: http:\/\/tools.google.com\/dlpage\/gaoptout?hl=de . Hierdurch wird die Erfassung der durch das Cookie erzeugten und auf Ihre Nutzung der Website bezogenen Daten (inkl. Ihrer IP-Adresse) sowie die Verarbeitung dieser Daten durch Google verhindert.<\/p>\n<p>Alternativ zum Browser-Plugin k\u00f6nnen Sie diesen Link klicken, um die Erfassung durch Google Analytics auf dieser Website zuk\u00fcnftig zu verhindern. Dabei wird ein Opt-Out-Cookie auf Ihrem Endger\u00e4t abgelegt. L\u00f6schen Sie Ihre Cookies, werden Sie erneut um Erteilung Ihrer Einwilligung gebeten.<\/p>\n<h2>5. KONTAKTFORMULAR<\/h2>\n<p>Wenn Sie uns Anfragen \u00fcber unsere Kontaktformular\u00a0auf der Website stellen, verarbeiten wir die von Ihnen \u00fcberlassenen Daten um Ihre Anfrage beantworten zu k\u00f6nnen. Eine l\u00e4ngerfristige Speicherung erfolgt nur, soweit Ihre Anfrage dies erfordert. Ansonsten werden Ihre Daten sp\u00e4testens nach sechs Monaten gel\u00f6scht.<\/p>\n<h2>6. SOCIAL MEDIA PLUGINS<\/h2>\n<h3>VERWENDUNG VON SOCIAL PLUGINS VON FACEBOOK, INSTAGRAM,\u00a0UNTER VERWENDUNG DER SHARIFF-L\u00d6SUNG.<\/h3>\n<p>Auf unserer Website werden Social Buttons von sozialen Netzwerken verwendet.<\/p>\n<p>Dies dient der Wahrung unserer im Rahmen einer Interessensabw\u00e4gung \u00fcberwiegenden berechtigten Interessen an einer optimalen Vermarktung unseres Angebots gem\u00e4\u00df Art. 6 Abs. 1 S. 1 lit. f DSGVO. Um den Schutz Ihrer Daten beim Besuch unserer Website zu erh\u00f6hen, sind diese Buttons nicht uneingeschr\u00e4nkt als Plugins, sondern lediglich unter Verwendung eines HTML-Links in die Seite eingebunden.<\/p>\n<p>Diese Einbindung gew\u00e4hrleistet, dass beim Aufruf einer Seite unseres Webauftritts, die solche Buttons enth\u00e4lt, noch keine Verbindung mit den Servern des Anbieters des jeweiligen sozialen Netzwerks hergestellt wird.<\/p>\n<p>Klicken Sie auf einen der Buttons, \u00f6ffnet sich ein neues Fenster Ihres Browsers und ruft die Seite des jeweiligen Diensteanbieters auf, auf der Sie (ggf. nach Eingabe Ihrer Login-Daten) z.B. den Like- oder Share-Button bet\u00e4tigen k\u00f6nnen.<\/p>\n<p>Zweck und Umfang der Datenerhebung und die weitere Verarbeitung und Nutzung der Daten durch die Anbieter auf deren Seiten sowie eine Kontaktm\u00f6glichkeit und Ihre diesbez\u00fcglichen Rechte und Einstellungsm\u00f6glichkeiten zum Schutz Ihrer Privatsph\u00e4re entnehmen Sie bitte den Datenschutzhinweisen der Anbieter. http:\/\/www.facebook.com\/policy.php\u00a0https:\/\/help.instagram.com\/155833707900388<\/p>\n<h3>KONTAKTM\u00d6GLICHKEITEN UND IHRE RECHTE<\/h3>\n<p>Als Betroffener haben Sie folgende Rechte:<\/p>\n<ul>\n<li>gem\u00e4\u00df Art. 15 DSGVO das Recht, in dem dort bezeichneten Umfang Auskunft \u00fcber Ihre von uns verarbeiteten personenbezogenen Daten zu verlangen;<\/li>\n<li>gem\u00e4\u00df Art. 16 DSGVO das Recht, unverz\u00fcglich die Berichtigung unrichtiger oder Vervollst\u00e4ndigung Ihrer bei uns gespeicherten personenbezogenen Daten zu verlangen;<\/li>\n<li>gem\u00e4\u00df Art. 17 DSGVO das Recht, die L\u00f6schung Ihrer bei uns gespeicherten personenbezogenen Daten zu verlangen, soweit nicht die weitere Verarbeitung<\/li>\n<\/ul>\n<ol>\n<li>zur Aus\u00fcbung des Rechts auf freie Meinungs\u00e4u\u00dferung und Information;<\/li>\n<li>zur Erf\u00fcllung einer rechtlichen Verpflichtung;<\/li>\n<li>aus Gr\u00fcnden des \u00f6ffentlichen Interesses oder<\/li>\n<li>zur Geltendmachung, Aus\u00fcbung oder Verteidigung von Rechtsanspr\u00fcchen erforderlich ist;<\/li>\n<\/ol>\n<ul>\n<li>gem\u00e4\u00df Art. 18 DSGVO das Recht, die Einschr\u00e4nkung der Verarbeitung Ihrer personenbezogenen Daten zu verlangen, soweit<\/li>\n<\/ul>\n<ol>\n<li>die Richtigkeit der Daten von Ihnen bestritten wird;<\/li>\n<li>die Verarbeitung unrechtm\u00e4\u00dfig ist, Sie aber deren L\u00f6schung ablehnen;<\/li>\n<li>wir die Daten nicht mehr ben\u00f6tigen, Sie diese jedoch zur Geltendmachung, Aus\u00fcbung oder Verteidigung von Rechtsanspr\u00fcchen ben\u00f6tigen oder<\/li>\n<li>Sie gem\u00e4\u00df Art. 21 DSGVO Widerspruch gegen die Verarbeitung eingelegt haben;<\/li>\n<\/ol>\n<ul>\n<li>gem\u00e4\u00df Art. 20 DSGVO das Recht, Ihre personenbezogenen Daten, die Sie uns bereitgestellt haben, in einem strukturierten, g\u00e4ngigen und maschinenlesebaren Format zu erhalten oder die \u00dcbermittlung an einen anderen Verantwortlichen zu verlangen;<\/li>\n<li>gem\u00e4\u00df Art. 77 DSGVO das Recht, sich bei einer Aufsichtsbeh\u00f6rde zu beschweren. In der Regel k\u00f6nnen Sie sich hierf\u00fcr an die Aufsichtsbeh\u00f6rde Ihres \u00fcblichen Aufenthaltsortes oder Arbeitsplatzes oder unseres Unternehmenssitzes wenden.<\/li>\n<\/ul>\n<p>Bei Fragen zur Erhebung, Verarbeitung oder Nutzung Ihrer personenbezogenen Daten, bei Ausk\u00fcnften, Berichtigung, Sperrung oder L\u00f6schung von Daten sowie Widerruf erteilter Einwilligungen oder Widerspruch gegen eine bestimmte Datenverwendung wenden Sie sich bitte direkt an uns \u00fcber die Kontaktdaten in unserem Impressum.<\/p>\n<p>&#8212;&#8212;-<\/p>\n<h3>WIDERSPRUCHSRECHT<\/h3>\n<p>Soweit wir zur Wahrung unserer im Rahmen einer Interessensabw\u00e4gung \u00fcberwiegenden berechtigten Interessen personenbezogene Daten wie oben erl\u00e4utert verarbeiten, k\u00f6nnen Sie dieser Verarbeitung mit Wirkung f\u00fcr die Zukunft widersprechen. Erfolgt die Verarbeitung zu Zwecken des Direktmarketings, k\u00f6nnen Sie dieses Recht jederzeit wie oben beschrieben aus\u00fcben. Soweit die Verarbeitung zu anderen Zwecken erfolgt, steht Ihnen ein Widerspruchsrecht nur bei Vorliegen von Gr\u00fcnden, die sich aus Ihrer besonderen Situation ergeben, zu.<\/p>\n<p>Nach Aus\u00fcbung Ihres Widerspruchsrechts werden wir Ihre personenbezogenen Daten nicht weiter zu diesen Zwecken verarbeiten, es sei denn, wir k\u00f6nnen zwingende schutzw\u00fcrdige Gr\u00fcnde f\u00fcr die Verarbeitung nachweisen, die Ihre Interessen, Rechte und Freiheiten \u00fcberwiegen, oder wenn die Verarbeitung der Geltendmachung, Aus\u00fcbung oder Verteidigung von Rechtsanspr\u00fcchen dient.<\/p>\n<p>Dies gilt nicht, wenn die Verarbeitung zu Zwecken des Direktmarketings erfolgt. Dann werden wir Ihre personenbezogenen Daten nicht weiter zu diesem Zweck verarbeiten.<\/p>\n<p>&#8212;&#8212;-<\/p>\n","protected":false},"excerpt":{"rendered":"<p>DATENSCHUTZERKL\u00c4HRUNG Wir freuen uns \u00fcber Ihren Besuch auf unserer Website und Ihr Interesse an unserem Unternehmen. Der Schutz Ihrer personenbezogenen Daten ist f\u00fcr uns ein wichtiges Anliegen und wir m\u00f6chten, dass Sie sich beim Besuch unserer Internetseiten sicher f\u00fchlen. Hier erl\u00e4utern wir, welche Informationen wir bei Ihrem Besuch auf unserer Website erfassen und wie diese [&hellip;]<\/p>\n","protected":false},"author":1,"featured_media":0,"parent":0,"menu_order":0,"comment_status":"closed","ping_status":"closed","template":"","meta":{"inline_featured_image":false,"footnotes":""},"class_list":["post-422","page","type-page","status-publish","hentry"],"yoast_head":"<!-- This site is optimized with the Yoast SEO plugin v27.5 - https:\/\/yoast.com\/product\/yoast-seo-wordpress\/ -->\n<title>Datenschutz<\/title>\n<meta name=\"robots\" content=\"index, follow, max-snippet:-1, max-image-preview:large, max-video-preview:-1\" \/>\n<link rel=\"canonical\" href=\"https:\/\/autohab.de\/en\/datenschutz\/\" \/>\n<meta property=\"og:locale\" content=\"en_US\" \/>\n<meta property=\"og:locale:alternate\" content=\"de_DE\" \/>\n<meta property=\"og:locale:alternate\" content=\"ru_RU\" \/>\n<meta property=\"og:type\" content=\"article\" \/>\n<meta property=\"og:title\" content=\"Datenschutz\" \/>\n<meta property=\"og:description\" content=\"DATENSCHUTZERKL\u00c4HRUNG Wir freuen uns \u00fcber Ihren Besuch auf unserer Website und Ihr Interesse an unserem Unternehmen. Der Schutz Ihrer personenbezogenen Daten ist f\u00fcr uns ein wichtiges Anliegen und wir m\u00f6chten, dass Sie sich beim Besuch unserer Internetseiten sicher f\u00fchlen. Hier erl\u00e4utern wir, welche Informationen wir bei Ihrem Besuch auf unserer Website erfassen und wie diese [&hellip;]\" \/>\n<meta property=\"og:url\" content=\"https:\/\/autohab.de\/en\/datenschutz\/\" \/>\n<meta property=\"og:site_name\" content=\"Autohab \u2013 Vehicle brokerage and service in Hamburg\" \/>\n<meta property=\"article:modified_time\" content=\"2025-05-27T17:20:14+00:00\" \/>\n<meta name=\"twitter:card\" content=\"summary_large_image\" \/>\n<meta name=\"twitter:label1\" content=\"Est. reading time\" \/>\n\t<meta name=\"twitter:data1\" content=\"8 minutes\" \/>\n<script type=\"application\/ld+json\" class=\"yoast-schema-graph\">{\"@context\":\"https:\\\/\\\/schema.org\",\"@graph\":[{\"@type\":\"WebPage\",\"@id\":\"https:\\\/\\\/autohab.de\\\/en\\\/datenschutz\\\/\",\"url\":\"https:\\\/\\\/autohab.de\\\/en\\\/datenschutz\\\/\",\"name\":\"Datenschutz\",\"isPartOf\":{\"@id\":\"https:\\\/\\\/autohab.de\\\/#website\"},\"datePublished\":\"2025-05-02T09:49:37+00:00\",\"dateModified\":\"2025-05-27T17:20:14+00:00\",\"breadcrumb\":{\"@id\":\"https:\\\/\\\/autohab.de\\\/en\\\/datenschutz\\\/#breadcrumb\"},\"inLanguage\":\"en-US\",\"potentialAction\":[{\"@type\":\"ReadAction\",\"target\":[\"https:\\\/\\\/autohab.de\\\/en\\\/datenschutz\\\/\"]}]},{\"@type\":\"BreadcrumbList\",\"@id\":\"https:\\\/\\\/autohab.de\\\/en\\\/datenschutz\\\/#breadcrumb\",\"itemListElement\":[{\"@type\":\"ListItem\",\"position\":1,\"name\":\"Home\",\"item\":\"https:\\\/\\\/autohab.de\\\/ru\\\/\"},{\"@type\":\"ListItem\",\"position\":2,\"name\":\"Datenschutz\"}]},{\"@type\":\"WebSite\",\"@id\":\"https:\\\/\\\/autohab.de\\\/#website\",\"url\":\"https:\\\/\\\/autohab.de\\\/\",\"name\":\"AutoHab\",\"description\":\"Car purchase, sale, registration, and maintenance\",\"publisher\":{\"@id\":\"https:\\\/\\\/autohab.de\\\/#organization\"},\"potentialAction\":[{\"@type\":\"SearchAction\",\"target\":{\"@type\":\"EntryPoint\",\"urlTemplate\":\"https:\\\/\\\/autohab.de\\\/?s={search_term_string}\"},\"query-input\":{\"@type\":\"PropertyValueSpecification\",\"valueRequired\":true,\"valueName\":\"search_term_string\"}}],\"inLanguage\":\"en-US\"},{\"@type\":\"Organization\",\"@id\":\"https:\\\/\\\/autohab.de\\\/#organization\",\"name\":\"AutoHab\",\"url\":\"https:\\\/\\\/autohab.de\\\/\",\"logo\":{\"@type\":\"ImageObject\",\"inLanguage\":\"en-US\",\"@id\":\"https:\\\/\\\/autohab.de\\\/#\\\/schema\\\/logo\\\/image\\\/\",\"url\":\"https:\\\/\\\/autohab.de\\\/wp-content\\\/uploads\\\/2025\\\/05\\\/mail-logo1-2.svg\",\"contentUrl\":\"https:\\\/\\\/autohab.de\\\/wp-content\\\/uploads\\\/2025\\\/05\\\/mail-logo1-2.svg\",\"width\":213,\"height\":50,\"caption\":\"AutoHab\"},\"image\":{\"@id\":\"https:\\\/\\\/autohab.de\\\/#\\\/schema\\\/logo\\\/image\\\/\"}}]}<\/script>\n<!-- \/ Yoast SEO plugin. -->","yoast_head_json":{"title":"Datenschutz","robots":{"index":"index","follow":"follow","max-snippet":"max-snippet:-1","max-image-preview":"max-image-preview:large","max-video-preview":"max-video-preview:-1"},"canonical":"https:\/\/autohab.de\/en\/datenschutz\/","og_locale":"en_US","og_type":"article","og_title":"[:de]Datenschutz[:en]Datenschutz[:] - Autohab \u2013 Vehicle brokerage and service in Hamburg","og_description":"DATENSCHUTZERKL\u00c4HRUNG Wir freuen uns \u00fcber Ihren Besuch auf unserer Website und Ihr Interesse an unserem Unternehmen. Der Schutz Ihrer personenbezogenen Daten ist f\u00fcr uns ein wichtiges Anliegen und wir m\u00f6chten, dass Sie sich beim Besuch unserer Internetseiten sicher f\u00fchlen. Hier erl\u00e4utern wir, welche Informationen wir bei Ihrem Besuch auf unserer Website erfassen und wie diese [&hellip;]","og_url":"https:\/\/autohab.de\/en\/datenschutz\/","og_site_name":"Autohab \u2013 Vehicle brokerage and service in Hamburg","article_modified_time":"2025-05-27T17:20:14+00:00","twitter_card":"summary_large_image","twitter_misc":{"Est. reading time":"8 minutes"},"schema":{"@context":"https:\/\/schema.org","@graph":[{"@type":"WebPage","@id":"https:\/\/autohab.de\/en\/datenschutz\/","url":"https:\/\/autohab.de\/en\/datenschutz\/","name":"Datenschutz","isPartOf":{"@id":"https:\/\/autohab.de\/#website"},"datePublished":"2025-05-02T09:49:37+00:00","dateModified":"2025-05-27T17:20:14+00:00","breadcrumb":{"@id":"https:\/\/autohab.de\/en\/datenschutz\/#breadcrumb"},"inLanguage":"en-US","potentialAction":[{"@type":"ReadAction","target":["https:\/\/autohab.de\/en\/datenschutz\/"]}]},{"@type":"BreadcrumbList","@id":"https:\/\/autohab.de\/en\/datenschutz\/#breadcrumb","itemListElement":[{"@type":"ListItem","position":1,"name":"Home","item":"https:\/\/autohab.de\/ru\/"},{"@type":"ListItem","position":2,"name":"Datenschutz"}]},{"@type":"WebSite","@id":"https:\/\/autohab.de\/#website","url":"https:\/\/autohab.de\/","name":"AutoHab","description":"Car purchase, sale, registration, and maintenance","publisher":{"@id":"https:\/\/autohab.de\/#organization"},"potentialAction":[{"@type":"SearchAction","target":{"@type":"EntryPoint","urlTemplate":"https:\/\/autohab.de\/?s={search_term_string}"},"query-input":{"@type":"PropertyValueSpecification","valueRequired":true,"valueName":"search_term_string"}}],"inLanguage":"en-US"},{"@type":"Organization","@id":"https:\/\/autohab.de\/#organization","name":"AutoHab","url":"https:\/\/autohab.de\/","logo":{"@type":"ImageObject","inLanguage":"en-US","@id":"https:\/\/autohab.de\/#\/schema\/logo\/image\/","url":"https:\/\/autohab.de\/wp-content\/uploads\/2025\/05\/mail-logo1-2.svg","contentUrl":"https:\/\/autohab.de\/wp-content\/uploads\/2025\/05\/mail-logo1-2.svg","width":213,"height":50,"caption":"AutoHab"},"image":{"@id":"https:\/\/autohab.de\/#\/schema\/logo\/image\/"}}]}},"_links":{"self":[{"href":"https:\/\/autohab.de\/en\/wp-json\/wp\/v2\/pages\/422","targetHints":{"allow":["GET"]}}],"collection":[{"href":"https:\/\/autohab.de\/en\/wp-json\/wp\/v2\/pages"}],"about":[{"href":"https:\/\/autohab.de\/en\/wp-json\/wp\/v2\/types\/page"}],"author":[{"embeddable":true,"href":"https:\/\/autohab.de\/en\/wp-json\/wp\/v2\/users\/1"}],"replies":[{"embeddable":true,"href":"https:\/\/autohab.de\/en\/wp-json\/wp\/v2\/comments?post=422"}],"version-history":[{"count":7,"href":"https:\/\/autohab.de\/en\/wp-json\/wp\/v2\/pages\/422\/revisions"}],"predecessor-version":[{"id":578,"href":"https:\/\/autohab.de\/en\/wp-json\/wp\/v2\/pages\/422\/revisions\/578"}],"wp:attachment":[{"href":"https:\/\/autohab.de\/en\/wp-json\/wp\/v2\/media?parent=422"}],"curies":[{"name":"wp","href":"https:\/\/api.w.org\/{rel}","templated":true}]}}