{"id":192,"date":"2025-04-18T09:16:44","date_gmt":"2025-04-18T07:16:44","guid":{"rendered":"https:\/\/autohab.de\/?page_id=192"},"modified":"2025-05-27T19:25:25","modified_gmt":"2025-05-27T17:25:25","slug":"impressum","status":"publish","type":"page","link":"https:\/\/autohab.de\/ru\/impressum\/","title":{"rendered":"Impressum"},"content":{"rendered":"<p>Inhaltlich veranworlich f\u00fcr www.autohab.de ist die<br \/>\nAutoHab<br \/>\nKampener Stieg 12, 22117 Hamburg<br \/>\nDeutschland<\/p>\n<p>Telefon: +49 (0) 1512\u00a0760\u00a060\u00a097<br \/>\nE-Mail: service@autohab.de<br \/>\nRegistergericht: Amtsgericht Hamburg<br \/>\nUSt &#8212; IdNr.: DE304757410<br \/>\nGesch\u00e4ftsf\u00fchrung: Bogdan Borovyi<\/p>\n<h2>INHALT<\/h2>\n<p>Wir bem\u00fchen uns, das Informationsangebot dieser Website aktuell und inhaltlich richtig sowie vollst\u00e4ndig anzubieten. Dennoch ist das Auftreten von Fehlern nicht v\u00f6llig auszuschliessen. Eine Garantie f\u00fcr die Vollst\u00e4ndigkeit, Richtigkeit und letzte Aktualit\u00e4t kann daher nicht \u00fcbernommen werden. Wir behalten uns ausdr\u00fccklich vor, jederzeit Inhalte ohne Ank\u00fcndigung ganz oder teilweise zu \u00e4ndern, zu l\u00f6schen oder zeitweise nicht zu ver\u00f6ffentlichen.<\/p>\n<p>Der Zugang und die Benutzung dieser Website geschehen auf eigene Gefahr des Benutzers. Wir sind nicht verantwortlich und \u00fcbernehmen keinerlei Haftung f\u00fcr Sch\u00e4den materieller oder immaterieller Art, unter anderem f\u00fcr direkte, indirekte, zuf\u00e4llige, vorab konkret zu bestimmende oder Folgesch\u00e4den, die angeblich durch den oder in Verbindung mit dem Zugang und\/oder der Benutzung dieses Internetangebotes aufgetreten sind.<\/p>\n<p>Unser Internetangebot kann externe Links auf die Internetseiten Dritter enthalten. Auf den Inhalt dieser Seiten haben wir keinen Einfluss. Wir \u00fcbernehmen keine Verantwortung f\u00fcr die Inhalte und die Verf\u00fcgbarkeit von Internetseiten Dritter, die \u00fcber externe Links dieses Informationsangebotes erreicht werden. Wir distanzieren uns ausdr\u00fccklich von allen Inhalten, die m\u00f6glicherweise straf- oder haftungsrechtlich relevant sind oder gegen die guten Sitten verstossen. Informationen und Dienstleistungen von verkn\u00fcpften Webseiten liegen vollumf\u00e4nglich in der Verantwortung des jeweiligen Dritten.<\/p>\n<p>Bei der Anforderung von Inhalten aus dieser Website werden Zugriffsdaten gespeichert. Das sind Daten \u00fcber die Seite, von der aus die Datei angefordert wurde, der Name der angeforderten Datei, das Datum, Uhrzeit und Dauer der Anforderung, die \u00fcbertragene Datenmenge sowie der Zugriffsstatus (z.B. Datei \u00fcbertragen, Datei nicht gefunden). Diese gespeicherten Daten werden ausschliesslich zu statistischen Zwecken ausgewertet und nicht an Dritte weitergeleitet.<\/p>\n<h2>URHEBERRECHT<\/h2>\n<p>Die Firma AutoHab ist bestrebt, in allen Publikationen geltende Urheberrechte zu beachten. Sollte es trotzdem zu einer Urheberrechtsverletzung kommen, wird die Firma AutoHab das entsprechende Objekt nach Benachrichtigung aus seiner Publikation entfernen bzw. mit dem entsprechenden Urheberrecht kenntlich machen.<\/p>\n<p>Alle innerhalb des Internetangebots genannten und gegebenenfalls durch Dritte gesch\u00fctzten Marken- und Warenzeichen unterliegen uneingeschr\u00e4nkt den Bestimmungen des jeweils g\u00fcltigen Kennzeichenrechts und den Besitzrechten der jeweiligen eingetragenen Eigent\u00fcmer. Allein aufgrund der blo\u00dfen Nennung ist nicht der Schluss zu ziehen, dass Markenzeichen nicht durch Rechte Dritter gesch\u00fctzt sind.<\/p>\n<p>Das Urheberecht f\u00fcr die eigenen Inhalte der Firma AutoHab auf der Domain www.autohab.de steht allein der Firma AutoHab zu. Eine Vervielf\u00e4ltigung solcher Grafiken, Sounds oder Texte in anderen elektronischen oder gedruckten Publikationen ist ohne ausdr\u00fcckliche Zustimmung der Firma AutoHab nicht gestattet.<\/p>\n<h2>EINSATZ VON COOKIES, COOKIES VERWALTEN UND L\u00d6SCHEN<\/h2>\n<p>Auf unserer Website k\u00f6nnen Cookies zum Einsatz kommen, die f\u00fcr die Zeit ihres Besuchs auf der Website g\u00fcltig sind. Durch das Weitersurfen auf unserer Website erkl\u00e4ren Sie sich mit der Nutzung von Cookies einverstanden.<\/p>\n<p>Die meisten Browser sind so eingestellt, dass sie Cookies automatisch akzeptieren. Wenn Sie Cookies blockieren oder l\u00f6schen wollen, k\u00f6nnen Sie diese \u00c4nderungen in den Browsereinstellungen vornehmen. Zur Verwaltung von Cookies erm\u00f6glichen Ihnen die meisten Browser, alle Cookies zu akzeptieren oder abzulehnen bzw. nur bestimmte Arten von Cookies zu akzeptieren. Die Verfahren zur Verwaltung und L\u00f6schung von Cookies finden Sie in der im Browser integrierten Hilfe-Funktion.<\/p>\n<h2>LINKS<\/h2>\n<p>Sofern die Firma AutoHab direkt oder indirekt auf fremde Internetseiten verweist (&#171;Links&#187;), haftet die Firma AutoHab nur, wenn sie von den Inhalten genaue Kenntnis hat und es ihr technisch m\u00f6glich und zumutbar ist, die Nutzung im Falle rechtswidriger Inhalte zu verhindern.<\/p>\n<p>Die Firma AutoHab erkl\u00e4rt hiermit ausdr\u00fccklich, dass zum Zeitpunkt der Linksetzung die verlinkten Seiten keine illegalen Inhalte enthalten haben. Die Firma AutoHab hat keinerlei Einfluss auf die aktuelle und zuk\u00fcnftige Gestaltung der verlinkten Seiten. Die Firma AutoHab distanziert sich daher hiermit ausdr\u00fccklich von allen inhaltlichen \u00c4nderungen, die nach der Linkssetzung auf den verlinkten Seiten vorgenommen werden.<\/p>\n<p>Die AutoHab ist nicht verantwortlich f\u00fcr den Inhalt, die Verf\u00fcgbarkeit, die Richtigkeit und die Genauigkeit der verlinkten Seiten, deren Angebote, Links oder Werbeanzeigen. Die Firma AutoHab haftet nicht f\u00fcr illegale, fehlerhafte oder unvollst\u00e4ndige Inhalte und insbesondere f\u00fcr Sch\u00e4den, die durch Nutzung oder Nichtnutzung der auf den verlinkten Seiten angebotenen Informationen entstehen.<\/p>\n<h2>RECHTSWIRKSAMKEIT<\/h2>\n<p>Dieser Haftungsausschluss ist als Teil des Internetangebotes zu betrachten, von dem aus auf diese Seite verwiesen wurde. Sofern Teile oder einzelne Formulierungen dieses Textes der geltenden Rechtslage nicht, nicht mehr oder nicht vollst\u00e4ndig entsprechen sollten, bleiben die \u00fcbrigen Teile des Dokumentes in ihrem Inhalt und ihrer G\u00fcltigkeit hiervon unber\u00fchrt.<\/p>\n","protected":false},"excerpt":{"rendered":"<p>Inhaltlich veranworlich f\u00fcr www.autohab.de ist die AutoHab Kampener Stieg 12, 22117 Hamburg Deutschland Telefon: +49 (0) 1512\u00a0760\u00a060\u00a097 E-Mail: service@autohab.de Registergericht: Amtsgericht Hamburg USt &#8212; IdNr.: DE304757410 Gesch\u00e4ftsf\u00fchrung: Bogdan Borovyi INHALT Wir bem\u00fchen uns, das Informationsangebot dieser Website aktuell und inhaltlich richtig sowie vollst\u00e4ndig anzubieten. Dennoch ist das Auftreten von Fehlern nicht v\u00f6llig auszuschliessen. Eine Garantie [&hellip;]<\/p>\n","protected":false},"author":1,"featured_media":0,"parent":0,"menu_order":0,"comment_status":"closed","ping_status":"closed","template":"","meta":{"inline_featured_image":false,"footnotes":""},"class_list":["post-192","page","type-page","status-publish","hentry"],"yoast_head":"<!-- This site is optimized with the Yoast SEO plugin v27.5 - https:\/\/yoast.com\/product\/yoast-seo-wordpress\/ -->\n<title>Impressum<\/title>\n<meta name=\"robots\" content=\"index, follow, max-snippet:-1, max-image-preview:large, max-video-preview:-1\" \/>\n<link rel=\"canonical\" href=\"https:\/\/autohab.de\/ru\/impressum\/\" \/>\n<meta property=\"og:locale\" content=\"ru_RU\" \/>\n<meta property=\"og:locale:alternate\" content=\"de_DE\" \/>\n<meta property=\"og:locale:alternate\" content=\"en_US\" \/>\n<meta property=\"og:type\" content=\"article\" \/>\n<meta property=\"og:title\" content=\"Impressum\" \/>\n<meta property=\"og:description\" content=\"Inhaltlich veranworlich f\u00fcr www.autohab.de ist die AutoHab Kampener Stieg 12, 22117 Hamburg Deutschland Telefon: +49 (0) 1512\u00a0760\u00a060\u00a097 E-Mail: service@autohab.de Registergericht: Amtsgericht Hamburg USt &#8212; IdNr.: DE304757410 Gesch\u00e4ftsf\u00fchrung: Bogdan Borovyi INHALT Wir bem\u00fchen uns, das Informationsangebot dieser Website aktuell und inhaltlich richtig sowie vollst\u00e4ndig anzubieten. Dennoch ist das Auftreten von Fehlern nicht v\u00f6llig auszuschliessen. Eine Garantie [&hellip;]\" \/>\n<meta property=\"og:url\" content=\"https:\/\/autohab.de\/ru\/impressum\/\" \/>\n<meta property=\"og:site_name\" content=\"Autohab \u2013 \u043f\u043e\u0441\u0440\u0435\u0434\u043d\u0438\u0447\u0435\u0441\u0442\u0432\u043e \u043f\u0440\u0438 \u043f\u043e\u043a\u0443\u043f\u043a\u0435 \u0430\u0432\u0442\u043e\u043c\u043e\u0431\u0438\u043b\u0435\u0439 \u0438 \u0441\u0435\u0440\u0432\u0438\u0441\u043d\u043e\u0435 \u043e\u0431\u0441\u043b\u0443\u0436\u0438\u0432\u0430\u043d\u0438\u0435 \u0432 \u0413\u0430\u043c\u0431\u0443\u0440\u0433\u0435\" \/>\n<meta property=\"article:modified_time\" content=\"2025-05-27T17:25:25+00:00\" \/>\n<meta name=\"twitter:card\" content=\"summary_large_image\" \/>\n<meta name=\"twitter:label1\" content=\"\u041f\u0440\u0438\u043c\u0435\u0440\u043d\u043e\u0435 \u0432\u0440\u0435\u043c\u044f \u0434\u043b\u044f \u0447\u0442\u0435\u043d\u0438\u044f\" \/>\n\t<meta name=\"twitter:data1\" content=\"4 \u043c\u0438\u043d\u0443\u0442\u044b\" \/>\n<script type=\"application\/ld+json\" class=\"yoast-schema-graph\">{\"@context\":\"https:\\\/\\\/schema.org\",\"@graph\":[{\"@type\":\"WebPage\",\"@id\":\"https:\\\/\\\/autohab.de\\\/en\\\/impressum\\\/\",\"url\":\"https:\\\/\\\/autohab.de\\\/en\\\/impressum\\\/\",\"name\":\"Impressum\",\"isPartOf\":{\"@id\":\"https:\\\/\\\/autohab.de\\\/#website\"},\"datePublished\":\"2025-04-18T07:16:44+00:00\",\"dateModified\":\"2025-05-27T17:25:25+00:00\",\"breadcrumb\":{\"@id\":\"https:\\\/\\\/autohab.de\\\/en\\\/impressum\\\/#breadcrumb\"},\"inLanguage\":\"ru-RU\",\"potentialAction\":[{\"@type\":\"ReadAction\",\"target\":[\"https:\\\/\\\/autohab.de\\\/en\\\/impressum\\\/\"]}]},{\"@type\":\"BreadcrumbList\",\"@id\":\"https:\\\/\\\/autohab.de\\\/en\\\/impressum\\\/#breadcrumb\",\"itemListElement\":[{\"@type\":\"ListItem\",\"position\":1,\"name\":\"Home\",\"item\":\"https:\\\/\\\/autohab.de\\\/ru\\\/\"},{\"@type\":\"ListItem\",\"position\":2,\"name\":\"Impressum\"}]},{\"@type\":\"WebSite\",\"@id\":\"https:\\\/\\\/autohab.de\\\/#website\",\"url\":\"https:\\\/\\\/autohab.de\\\/\",\"name\":\"AutoHab\",\"description\":\"\u041f\u043e\u043a\u0443\u043f\u043a\u0430, \u043f\u0440\u043e\u0434\u0430\u0436\u0430, \u0440\u0435\u0433\u0438\u0441\u0442\u0440\u0430\u0446\u0438\u044f \u0438 \u043e\u0431\u0441\u043b\u0443\u0436\u0438\u0432\u0430\u043d\u0438\u0435 \u0430\u0432\u0442\u043e\u043c\u043e\u0431\u0438\u043b\u0435\u0439\",\"publisher\":{\"@id\":\"https:\\\/\\\/autohab.de\\\/#organization\"},\"potentialAction\":[{\"@type\":\"SearchAction\",\"target\":{\"@type\":\"EntryPoint\",\"urlTemplate\":\"https:\\\/\\\/autohab.de\\\/?s={search_term_string}\"},\"query-input\":{\"@type\":\"PropertyValueSpecification\",\"valueRequired\":true,\"valueName\":\"search_term_string\"}}],\"inLanguage\":\"ru-RU\"},{\"@type\":\"Organization\",\"@id\":\"https:\\\/\\\/autohab.de\\\/#organization\",\"name\":\"AutoHab\",\"url\":\"https:\\\/\\\/autohab.de\\\/\",\"logo\":{\"@type\":\"ImageObject\",\"inLanguage\":\"ru-RU\",\"@id\":\"https:\\\/\\\/autohab.de\\\/#\\\/schema\\\/logo\\\/image\\\/\",\"url\":\"https:\\\/\\\/autohab.de\\\/wp-content\\\/uploads\\\/2025\\\/05\\\/mail-logo1-2.svg\",\"contentUrl\":\"https:\\\/\\\/autohab.de\\\/wp-content\\\/uploads\\\/2025\\\/05\\\/mail-logo1-2.svg\",\"width\":213,\"height\":50,\"caption\":\"AutoHab\"},\"image\":{\"@id\":\"https:\\\/\\\/autohab.de\\\/#\\\/schema\\\/logo\\\/image\\\/\"}}]}<\/script>\n<!-- \/ Yoast SEO plugin. -->","yoast_head_json":{"title":"Impressum","robots":{"index":"index","follow":"follow","max-snippet":"max-snippet:-1","max-image-preview":"max-image-preview:large","max-video-preview":"max-video-preview:-1"},"canonical":"https:\/\/autohab.de\/ru\/impressum\/","og_locale":"ru_RU","og_type":"article","og_title":"[:de]Impressum[:en]Impressum[:] - Autohab \u2013 \u043f\u043e\u0441\u0440\u0435\u0434\u043d\u0438\u0447\u0435\u0441\u0442\u0432\u043e \u043f\u0440\u0438 \u043f\u043e\u043a\u0443\u043f\u043a\u0435 \u0430\u0432\u0442\u043e\u043c\u043e\u0431\u0438\u043b\u0435\u0439 \u0438 \u0441\u0435\u0440\u0432\u0438\u0441\u043d\u043e\u0435 \u043e\u0431\u0441\u043b\u0443\u0436\u0438\u0432\u0430\u043d\u0438\u0435 \u0432 \u0413\u0430\u043c\u0431\u0443\u0440\u0433\u0435","og_description":"Inhaltlich veranworlich f\u00fcr www.autohab.de ist die AutoHab Kampener Stieg 12, 22117 Hamburg Deutschland Telefon: +49 (0) 1512\u00a0760\u00a060\u00a097 E-Mail: service@autohab.de Registergericht: Amtsgericht Hamburg USt &#8212; IdNr.: DE304757410 Gesch\u00e4ftsf\u00fchrung: Bogdan Borovyi INHALT Wir bem\u00fchen uns, das Informationsangebot dieser Website aktuell und inhaltlich richtig sowie vollst\u00e4ndig anzubieten. Dennoch ist das Auftreten von Fehlern nicht v\u00f6llig auszuschliessen. Eine Garantie [&hellip;]","og_url":"https:\/\/autohab.de\/ru\/impressum\/","og_site_name":"Autohab \u2013 \u043f\u043e\u0441\u0440\u0435\u0434\u043d\u0438\u0447\u0435\u0441\u0442\u0432\u043e \u043f\u0440\u0438 \u043f\u043e\u043a\u0443\u043f\u043a\u0435 \u0430\u0432\u0442\u043e\u043c\u043e\u0431\u0438\u043b\u0435\u0439 \u0438 \u0441\u0435\u0440\u0432\u0438\u0441\u043d\u043e\u0435 \u043e\u0431\u0441\u043b\u0443\u0436\u0438\u0432\u0430\u043d\u0438\u0435 \u0432 \u0413\u0430\u043c\u0431\u0443\u0440\u0433\u0435","article_modified_time":"2025-05-27T17:25:25+00:00","twitter_card":"summary_large_image","twitter_misc":{"\u041f\u0440\u0438\u043c\u0435\u0440\u043d\u043e\u0435 \u0432\u0440\u0435\u043c\u044f \u0434\u043b\u044f \u0447\u0442\u0435\u043d\u0438\u044f":"4 \u043c\u0438\u043d\u0443\u0442\u044b"},"schema":{"@context":"https:\/\/schema.org","@graph":[{"@type":"WebPage","@id":"https:\/\/autohab.de\/en\/impressum\/","url":"https:\/\/autohab.de\/en\/impressum\/","name":"Impressum","isPartOf":{"@id":"https:\/\/autohab.de\/#website"},"datePublished":"2025-04-18T07:16:44+00:00","dateModified":"2025-05-27T17:25:25+00:00","breadcrumb":{"@id":"https:\/\/autohab.de\/en\/impressum\/#breadcrumb"},"inLanguage":"ru-RU","potentialAction":[{"@type":"ReadAction","target":["https:\/\/autohab.de\/en\/impressum\/"]}]},{"@type":"BreadcrumbList","@id":"https:\/\/autohab.de\/en\/impressum\/#breadcrumb","itemListElement":[{"@type":"ListItem","position":1,"name":"Home","item":"https:\/\/autohab.de\/ru\/"},{"@type":"ListItem","position":2,"name":"Impressum"}]},{"@type":"WebSite","@id":"https:\/\/autohab.de\/#website","url":"https:\/\/autohab.de\/","name":"AutoHab","description":"\u041f\u043e\u043a\u0443\u043f\u043a\u0430, \u043f\u0440\u043e\u0434\u0430\u0436\u0430, \u0440\u0435\u0433\u0438\u0441\u0442\u0440\u0430\u0446\u0438\u044f \u0438 \u043e\u0431\u0441\u043b\u0443\u0436\u0438\u0432\u0430\u043d\u0438\u0435 \u0430\u0432\u0442\u043e\u043c\u043e\u0431\u0438\u043b\u0435\u0439","publisher":{"@id":"https:\/\/autohab.de\/#organization"},"potentialAction":[{"@type":"SearchAction","target":{"@type":"EntryPoint","urlTemplate":"https:\/\/autohab.de\/?s={search_term_string}"},"query-input":{"@type":"PropertyValueSpecification","valueRequired":true,"valueName":"search_term_string"}}],"inLanguage":"ru-RU"},{"@type":"Organization","@id":"https:\/\/autohab.de\/#organization","name":"AutoHab","url":"https:\/\/autohab.de\/","logo":{"@type":"ImageObject","inLanguage":"ru-RU","@id":"https:\/\/autohab.de\/#\/schema\/logo\/image\/","url":"https:\/\/autohab.de\/wp-content\/uploads\/2025\/05\/mail-logo1-2.svg","contentUrl":"https:\/\/autohab.de\/wp-content\/uploads\/2025\/05\/mail-logo1-2.svg","width":213,"height":50,"caption":"AutoHab"},"image":{"@id":"https:\/\/autohab.de\/#\/schema\/logo\/image\/"}}]}},"_links":{"self":[{"href":"https:\/\/autohab.de\/ru\/wp-json\/wp\/v2\/pages\/192","targetHints":{"allow":["GET"]}}],"collection":[{"href":"https:\/\/autohab.de\/ru\/wp-json\/wp\/v2\/pages"}],"about":[{"href":"https:\/\/autohab.de\/ru\/wp-json\/wp\/v2\/types\/page"}],"author":[{"embeddable":true,"href":"https:\/\/autohab.de\/ru\/wp-json\/wp\/v2\/users\/1"}],"replies":[{"embeddable":true,"href":"https:\/\/autohab.de\/ru\/wp-json\/wp\/v2\/comments?post=192"}],"version-history":[{"count":14,"href":"https:\/\/autohab.de\/ru\/wp-json\/wp\/v2\/pages\/192\/revisions"}],"predecessor-version":[{"id":581,"href":"https:\/\/autohab.de\/ru\/wp-json\/wp\/v2\/pages\/192\/revisions\/581"}],"wp:attachment":[{"href":"https:\/\/autohab.de\/ru\/wp-json\/wp\/v2\/media?parent=192"}],"curies":[{"name":"wp","href":"https:\/\/api.w.org\/{rel}","templated":true}]}}